{"id":1451,"date":"2024-11-20T11:01:06","date_gmt":"2024-11-20T10:01:06","guid":{"rendered":"https:\/\/spainmotoexperiences.es\/aviso-legal-de\/"},"modified":"2025-08-27T10:21:38","modified_gmt":"2025-08-27T08:21:38","slug":"aviso-legal-de","status":"publish","type":"page","link":"https:\/\/spainmotoexperiences.es\/de\/aviso-legal-de\/","title":{"rendered":"Aviso Legal DE"},"content":{"rendered":"<p>[et_pb_section fb_built=&#8220;1&#8243; fullwidth=&#8220;on&#8220; admin_label=&#8220;Hero&#8220; _builder_version=&#8220;4.16&#8243; background_color=&#8220;#020305&#8243; parallax=&#8220;on&#8220; custom_padding=&#8220;0px|0px|0px|0px&#8220; global_colors_info=&#8220;{}&#8220;][et_pb_fullwidth_header title=&#8220;Aviso Legal&#8220; text_orientation=&#8220;center&#8220; background_overlay_color=&#8220;rgba(0,0,0,0.5)&#8220; content_max_width=&#8220;700px&#8220; admin_label=&#8220;Hero Section&#8220; _builder_version=&#8220;4.16&#8243; title_font=&#8220;Oswald|on||on|&#8220; title_font_size=&#8220;80px&#8220; title_line_height=&#8220;1.3em&#8220; content_font=&#8220;Roboto|||on|||||&#8220; content_font_size=&#8220;20px&#8220; background_color=&#8220;rgba(255,255,255,0)&#8220; background_image=&#8220;https:\/\/spainmotoexperiences.es\/wp-content\/uploads\/2024\/11\/legales_header.jpg&#8220; parallax=&#8220;on&#8220; parallax_method=&#8220;on&#8220; custom_button_one=&#8220;on&#8220; button_one_border_radius=&#8220;0px&#8220; button_one_letter_spacing=&#8220;4px&#8220; button_one_font=&#8220;Oswald|on||on|&#8220; button_one_icon=&#8220;&#x24;||divi||400&#8243; button_one_icon_color=&#8220;#ffffff&#8220; custom_margin=&#8220;|||&#8220; custom_padding=&#8220;150px||150px|&#8220; custom_padding_tablet=&#8220;60px||60px|&#8220; custom_padding_phone=&#8220;&#8220; custom_padding_last_edited=&#8220;on|tablet&#8220; animation_style=&#8220;fade&#8220; animation_direction=&#8220;bottom&#8220; hover_enabled=&#8220;0&#8243; button_one_text_color_hover=&#8220;#ffffff&#8220; button_one_border_color_hover=&#8220;#ffffff&#8220; button_one_border_radius_hover=&#8220;0px&#8220; button_one_letter_spacing_hover=&#8220;4px&#8220; button_one_bg_color_hover=&#8220;rgba(0,0,0,0)&#8220; global_colors_info=&#8220;{}&#8220; button_one_text_size__hover_enabled=&#8220;off&#8220; button_two_text_size__hover_enabled=&#8220;off&#8220; button_one_text_color__hover_enabled=&#8220;on&#8220; button_one_text_color__hover=&#8220;#ffffff&#8220; button_two_text_color__hover_enabled=&#8220;off&#8220; button_one_border_width__hover_enabled=&#8220;off&#8220; button_two_border_width__hover_enabled=&#8220;off&#8220; button_one_border_color__hover_enabled=&#8220;on&#8220; button_one_border_color__hover=&#8220;#ffffff&#8220; button_two_border_color__hover_enabled=&#8220;off&#8220; button_one_border_radius__hover_enabled=&#8220;on&#8220; button_one_border_radius__hover=&#8220;0px&#8220; button_two_border_radius__hover_enabled=&#8220;off&#8220; button_one_letter_spacing__hover_enabled=&#8220;on&#8220; button_one_letter_spacing__hover=&#8220;4px&#8220; button_two_letter_spacing__hover_enabled=&#8220;off&#8220; button_one_bg_color__hover_enabled=&#8220;on&#8220; button_one_bg_color__hover=&#8220;rgba(0,0,0,0)&#8220; button_two_bg_color__hover_enabled=&#8220;off&#8220; sticky_enabled=&#8220;0&#8243;][\/et_pb_fullwidth_header][\/et_pb_section][et_pb_section fb_built=&#8220;1&#8243; _builder_version=&#8220;4.16&#8243; custom_padding=&#8220;110px||110px|&#8220; global_colors_info=&#8220;{}&#8220;][et_pb_row _builder_version=&#8220;4.16&#8243; global_colors_info=&#8220;{}&#8220;][et_pb_column type=&#8220;4_4&#8243; _builder_version=&#8220;4.16&#8243; custom_padding=&#8220;|||&#8220; global_colors_info=&#8220;{}&#8220; custom_padding__hover=&#8220;|||&#8220;][et_pb_text disabled_on=&#8220;on|on|off%22%22&#8243; admin_label=&#8220;Discover Beatuty Text&#8220; _builder_version=&#8220;4.16&#8243; text_font=&#8220;Roboto||||&#8220; header_2_font=&#8220;Oswald||||||||&#8220; custom_padding=&#8220;30px|||&#8220; animation_style=&#8220;slide&#8220; animation_direction=&#8220;top&#8220; animation_delay=&#8220;300ms&#8220; animation_intensity_slide=&#8220;10%&#8220; hover_enabled=&#8220;0&#8243; global_colors_info=&#8220;{}&#8220; sticky_enabled=&#8220;0&#8243;]<\/p>\n<h2>INFORMACI\u00d3N SOBRE EL TITULAR DEL SITIO WEB<\/h2>\n<p>En cumplimiento de lo previsto en el art\u00edculo 10 de la Ley 34\/2002 de 11 de julio, de Servicios de la Sociedad de La Informaci\u00f3n y Comercio Electr\u00f3nico (LSSICE), se informa al Usuario sobre los datos identificativos del titular del presente sitio web:<\/p>\n<p>La propiedad de este sitio web, as\u00ed como los servicios ofrecidos en \u00e9l, corresponde a la siguiente compa\u00f1\u00eda:<\/p>\n<ul>\n<li><strong>Raz\u00f3n social:<\/strong> Parasun Ibiza Brellas SL.<\/li>\n<li><strong>C.I.F.:<\/strong> B57937864<\/li>\n<li><strong>Inscrita en:<\/strong> Registro Mercantil de Valencia, Tomo 10336, Libro 7617, Folio 162<\/li>\n<li>Agencia de Viajes CV-m2050-V, nombre comercial Spain Moto Experiences<\/li>\n<li><strong>Direcci\u00f3n:<\/strong> C\/ Jovellanos 3. Valencia (Espa\u00f1a) <\/li>\n<li><strong>Tel\u00e9fonos:<\/strong> +34 610777210<\/li>\n<li><strong>Mail:<\/strong> info@spainmotoexperiences.com<\/li>\n<p>[\/et_pb_text][\/et_pb_column][\/et_pb_row][et_pb_row _builder_version=&#8220;4.16&#8243; global_colors_info=&#8220;{}&#8220;][et_pb_column type=&#8220;4_4&#8243; _builder_version=&#8220;4.16&#8243; custom_padding=&#8220;|||&#8220; global_colors_info=&#8220;{}&#8220; custom_padding__hover=&#8220;|||&#8220;][et_pb_text disabled_on=&#8220;on|on|off%22%22&#8243; admin_label=&#8220;Discover Beatuty Text&#8220; _builder_version=&#8220;4.16&#8243; text_font=&#8220;Roboto||||&#8220; header_2_font=&#8220;Oswald||||||||&#8220; custom_padding=&#8220;30px|||&#8220; animation_style=&#8220;slide&#8220; animation_direction=&#8220;top&#8220; animation_delay=&#8220;300ms&#8220; animation_intensity_slide=&#8220;10%&#8220; global_colors_info=&#8220;{}&#8220;]<\/p>\n<h2>CONDICIONES GENERALES DE USO DEL SITIO WEB<\/h2>\n<p>El presente Aviso Legal regula el uso permitido de este sitio web, cuyo responsable legal es Parasun Ibiza Brellas, S.L. en adelante, La Mercantil.<\/p>\n<p>El acceso al sitio web implica la aceptaci\u00f3n sin reservas del presente Aviso Legal, por lo que se recomienda la lectura detenida de su contenido. El Usuario se compromete a usar la web, sus servicios y contenidos de forma diligente, correcta y l\u00edcita y, en particular, se compromete a abstenerse de suprimir, eludir o manipular el copyright y dem\u00e1s contenidos, as\u00ed como los dispositivos t\u00e9cnicos que se hayan implementado para su protecci\u00f3n. <\/p>\n<p>[\/et_pb_text][et_pb_text disabled_on=&#8220;on|on|off%22%22&#8243; admin_label=&#8220;Discover Beatuty Text&#8220; _builder_version=&#8220;4.16&#8243; text_font=&#8220;Roboto||||&#8220; header_2_font=&#8220;Oswald||||||||&#8220; custom_padding=&#8220;30px|||&#8220; animation_style=&#8220;slide&#8220; animation_direction=&#8220;top&#8220; animation_delay=&#8220;300ms&#8220; animation_intensity_slide=&#8220;10%&#8220; hover_enabled=&#8220;0&#8243; global_colors_info=&#8220;{}&#8220; sticky_enabled=&#8220;0&#8243;]<\/p>\n<h2>PROPIEDAD INTELECTUAL E INDUSTRIA<\/h2>\n<p>Los textos, im\u00e1genes, logos, signos distintivos, sonidos, animaciones, v\u00eddeos, c\u00f3digo fuente y resto de contenidos incluidos en el presente sitio web son titularidad de La Mercantil, o dispone en su caso, del derecho de uso y explotaci\u00f3n de los mismos, y en tal sentido se erigen como obras protegidas por la legislaci\u00f3n de propiedad intelectual e industrial vigentes.<\/p>\n<p>Cualquier transmisi\u00f3n, distribuci\u00f3n, reproducci\u00f3n o almacenamiento, total o parcial, de los contenidos almacenados en esta web, queda expresamente prohibido salvo previo y expreso consentimiento del titular. No obstante, los Usuarios podr\u00e1n llevar a cabo la reproducci\u00f3n o almacenamiento de los contenidos de la web para su exclusivo uso personal, quedando expresa y terminantemente prohibida la reproducci\u00f3n de elementos o contenidos de esta web, realizados con \u00e1nimo de lucro o fines comerciales. <\/p>\n<p>[\/et_pb_text][et_pb_text disabled_on=&#8220;on|on|off%22%22&#8243; admin_label=&#8220;Discover Beatuty Text&#8220; _builder_version=&#8220;4.16&#8243; text_font=&#8220;Roboto||||&#8220; header_2_font=&#8220;Oswald||||||||&#8220; custom_padding=&#8220;30px|||&#8220; animation_style=&#8220;slide&#8220; animation_direction=&#8220;top&#8220; animation_delay=&#8220;300ms&#8220; animation_intensity_slide=&#8220;10%&#8220; hover_enabled=&#8220;0&#8243; global_colors_info=&#8220;{}&#8220; sticky_enabled=&#8220;0&#8243;]<\/p>\n<h2>ENLACES<\/h2>\n<p>La Mercantil declina cualquier responsabilidad por los servicios y\/o informaci\u00f3n que se preste en otras p\u00e1ginas enlazadas con el presente sitio web. En el caso de v\u00ednculos a sitios de terceros, el Usuario pasar\u00e1 a estar regido por los T\u00e9rminos de Uso y Pol\u00edtica de Privacidad del nuevo sitio web. No obstante, en el caso que tuviera conocimiento efectivo sobre la ilicitud de contenidos incluidos en dichos v\u00ednculos a sitios web de terceros, La Mercantil eliminar\u00e1 de forma inmediata los enlaces y comunicar\u00e1 esta circunstancia a las autoridades competentes.  <\/p>\n<p>[\/et_pb_text][et_pb_text disabled_on=&#8220;on|on|off%22%22&#8243; admin_label=&#8220;Discover Beatuty Text&#8220; _builder_version=&#8220;4.16&#8243; text_font=&#8220;Roboto||||&#8220; header_2_font=&#8220;Oswald||||||||&#8220; custom_padding=&#8220;30px|||&#8220; animation_style=&#8220;slide&#8220; animation_direction=&#8220;top&#8220; animation_delay=&#8220;300ms&#8220; animation_intensity_slide=&#8220;10%&#8220; global_colors_info=&#8220;{}&#8220;]<\/p>\n<h2>EXCLUSI\u00d3N DE RESPONSABILIDAD<\/h2>\n<p>La Mercantil no se hace responsable de las p\u00e9rdidas o perjuicios que pueda ocasionar al Usuario una eventual ca\u00edda del servicio por causas ajenas a La Mercantil, as\u00ed como tampoco ser\u00e1 responsable de problemas surgidos por la falta de interactividad en estas situaciones.<\/p>\n<p>La Mercantil se exonera de toda responsabilidad derivada de:<\/p>\n<ul>\n<li>Las interrupciones en el funcionamiento normal del sitio web derivadas de causas de fuerza mayor, as\u00ed como causas no imputables a La Mercantil y que provoquen que el servicio web no se encuentre operativo total o parcialmente.<\/li>\n<li>El uso no autorizado por terceros del nombre de Usuario y clave de acceso de nuestros clientes por falta de diligencia en la custodia por parte de los mismos.<\/li>\n<li>El uso de datos incorrectos o falsos por parte de los Usuarios, incluy\u00e9ndose los errores que estos hayan podido cometer a la hora de darse de alta y los derivados de la no actualizaci\u00f3n de los datos por parte del Usuario.<\/li>\n<\/ul>\n<p>[\/et_pb_text][et_pb_text disabled_on=&#8220;on|on|off%22%22&#8243; admin_label=&#8220;Discover Beatuty Text&#8220; _builder_version=&#8220;4.16&#8243; text_font=&#8220;Roboto||||&#8220; header_2_font=&#8220;Oswald||||||||&#8220; custom_padding=&#8220;30px|||&#8220; animation_style=&#8220;slide&#8220; animation_direction=&#8220;top&#8220; animation_delay=&#8220;300ms&#8220; animation_intensity_slide=&#8220;10%&#8220; global_colors_info=&#8220;{}&#8220;]<\/p>\n<h2>PRIVACIDAD<\/h2>\n<p>El Usuario puede visitar este sitio web sin necesidad de facilitar ning\u00fan dato de car\u00e1cter personal; no obstante existen diversas opciones de registro, consultas o formularios de pedido donde se recaban y tratan datos de car\u00e1cter personal. El tratamiento de la informaci\u00f3n y datos de car\u00e1cter personal, puede ser consultado por el usuario accediendo a &#8222;Pol\u00edtica de Privacidad&#8220;. <\/p>\n<p>[\/et_pb_text][et_pb_text disabled_on=&#8220;on|on|off%22%22&#8243; admin_label=&#8220;Discover Beatuty Text&#8220; _builder_version=&#8220;4.16&#8243; text_font=&#8220;Roboto||||&#8220; header_2_font=&#8220;Oswald||||||||&#8220; custom_padding=&#8220;30px|||&#8220; animation_style=&#8220;slide&#8220; animation_direction=&#8220;top&#8220; animation_delay=&#8220;300ms&#8220; animation_intensity_slide=&#8220;10%&#8220; global_colors_info=&#8220;{}&#8220;]<\/p>\n<h2>USO DE COOKIES<\/h2>\n<p>Una cookie es un fichero que se descarga en el equipo del Usuario al acceder a determinadas p\u00e1ginas web. Las cookies permiten a un sitio web, entre otras cosas, almacenar y recuperar informaci\u00f3n sobre los h\u00e1bitos de navegaci\u00f3n de un equipo y, dependiendo de la informaci\u00f3n que contengan, podr\u00edan utilizarse para reconocer al Usuario. Este, puede consultar la informaci\u00f3n sobre el tipo de cookies utilizadas en la Web, accediendo a nuestra \u201cPol\u00edtica de Cookies\u201d.  <\/p>\n<p>Al usar esta web el usuario acepta la pol\u00edtica de cookies.<\/p>\n<p>[\/et_pb_text][et_pb_text disabled_on=&#8220;on|on|off%22%22&#8243; admin_label=&#8220;Discover Beatuty Text&#8220; _builder_version=&#8220;4.16&#8243; text_font=&#8220;Roboto||||&#8220; header_2_font=&#8220;Oswald||||||||&#8220; custom_padding=&#8220;30px|||&#8220; animation_style=&#8220;slide&#8220; animation_direction=&#8220;top&#8220; animation_delay=&#8220;300ms&#8220; animation_intensity_slide=&#8220;10%&#8220; global_colors_info=&#8220;{}&#8220;]<\/p>\n<h2>CONDICIONES GENERALES DE USO<\/h2>\n<p>Puede consultar las condiciones generales de uso (incluidas las condiciones generales de contrataci\u00f3n, m\u00e9todos de pago y la descripci\u00f3n de los servicios ) accediendo a \u201c Condiciones Generales \u201c.<\/p>\n<p>[\/et_pb_text][et_pb_text disabled_on=&#8220;on|on|off%22%22&#8243; admin_label=&#8220;Discover Beatuty Text&#8220; _builder_version=&#8220;4.16&#8243; text_font=&#8220;Roboto||||&#8220; header_2_font=&#8220;Oswald||||||||&#8220; custom_padding=&#8220;30px|||&#8220; animation_style=&#8220;slide&#8220; animation_direction=&#8220;top&#8220; animation_delay=&#8220;300ms&#8220; animation_intensity_slide=&#8220;10%&#8220; global_colors_info=&#8220;{}&#8220;]<\/p>\n<h2>SEGURIDAD<\/h2>\n<p>La mercantil utiliza las tecnolog\u00edas pertinentes para proteger los datos e informaciones personales de los usuarios. La web se almacena en servidores seguros protegidos contra todos los tipos de ataques m\u00e1s habituales. No obstante, debemos recordar al usuario que no existe tecnolog\u00eda invulnerable y que por tanto debe poner los medios que est\u00e9n a su alcance para mantener el m\u00e1ximo nivel de seguridad en sus datos. En especial, recomendamos que utilice contrase\u00f1as complejas para el acceso a la cuenta de Usuario ( al menos 8 d\u00edgitos, alternando cifras, letras, may\u00fasculas, min\u00fasculas y caracteres especiales).   <\/p>\n<p>Recomendamos adem\u00e1s modificar la clave habitualmente (al menos una vez al a\u00f1o) y que, ante cualquier sospecha de que un tercero pueda conocerla, se proceda a su inmediata modificaci\u00f3n.<\/p>\n<p>[\/et_pb_text][et_pb_text disabled_on=&#8220;on|on|off%22%22&#8243; admin_label=&#8220;Discover Beatuty Text&#8220; _builder_version=&#8220;4.16&#8243; text_font=&#8220;Roboto||||&#8220; header_2_font=&#8220;Oswald||||||||&#8220; custom_padding=&#8220;30px|||&#8220; animation_style=&#8220;slide&#8220; animation_direction=&#8220;top&#8220; animation_delay=&#8220;300ms&#8220; animation_intensity_slide=&#8220;10%&#8220; global_colors_info=&#8220;{}&#8220;]<\/p>\n<h2>NOTIFICACIONES WEB<\/h2>\n<p>La Mercantil da la posibilidad al usuario de recibir notificaciones web, tambi\u00e9n conocidas como notificaciones push. A continuaci\u00f3n te explicamos qu\u00e9 son, para qu\u00e9 sirven, y c\u00f3mo puedes gestionar dichas notificaciones. <\/p>\n<p><strong>\u00bfQu\u00e9 es una notificaci\u00f3n web?<\/strong> Las notificaciones web son avisos sobre informaci\u00f3n de inter\u00e9s que aparecen en tu navegador una vez hayas aceptado recibir avisos del presente sitio web. Las notificaciones web permiten enviar nuevos mensajes o contenido actualizado a trav\u00e9s del sitio web. Para ello, se enviar\u00e1n notificaciones a tu navegador y se mostrar\u00e1n en la pantalla cuando accedas al sitio web. Los usuarios pueden habilitar o deshabilitar estas notificaciones y controlar c\u00f3mo se muestran.   <\/p>\n<p><strong>\u00bfSe recaban datos personales?<\/strong> La Mercantil no recaba datos de car\u00e1cter personal del usuario para mostrar notificaciones. En este proceso de env\u00edo de notificaciones web, se utiliza una plataforma que a su vez, podr\u00e1 utilizar informaci\u00f3n anonimizada con fines estad\u00edsticos y comerciales. <\/p>\n<p><strong>\u00bfC\u00f3mo puede configurar el usuario los permisos de notificaciones web?<\/strong> Puede revocar el permiso para enviar notificaciones web cuando lo estime conveniente.<\/p>\n<p>En este caso , la web no enviar\u00e1 mensajes a menos que el usuario vuelva a dar autorizaci\u00f3n para ello.<\/p>\n<p>[\/et_pb_text][et_pb_text disabled_on=&#8220;on|on|off%22%22&#8243; admin_label=&#8220;Discover Beatuty Text&#8220; _builder_version=&#8220;4.16&#8243; text_font=&#8220;Roboto||||&#8220; header_2_font=&#8220;Oswald||||||||&#8220; custom_padding=&#8220;30px|||&#8220; animation_style=&#8220;slide&#8220; animation_direction=&#8220;top&#8220; animation_delay=&#8220;300ms&#8220; animation_intensity_slide=&#8220;10%&#8220; global_colors_info=&#8220;{}&#8220;]<\/p>\n<h2>MODIFICACI\u00d3N DEL AVISO LEGAL<\/h2>\n<p>La Mercantil se reserva el derecho de modificar el presente Aviso Legal de acuerdo con su criterio, o a causa de un cambio legislativo, jurisprudencial o por cuestiones de inter\u00e9s empresarial. En el caso de que La Mercantil introduzca alguna modificaci\u00f3n, el nuevo texto ser\u00e1 publicado en esta p\u00e1gina, donde el Usuario tendr\u00e1 conocimiento de las mismas. En cualquier caso, la relaci\u00f3n con los Usuarios se regir\u00e1 por las normas previstas en el momento preciso en el que el usuario acceda al sitio web.[\/et_pb_text][et_pb_text disabled_on=&#8220;on|on|off%22%22&#8243; admin_label=&#8220;Discover Beatuty Text&#8220; _builder_version=&#8220;4.27.4&#8243; text_font=&#8220;Roboto||||&#8220; header_2_font=&#8220;Oswald||||||||&#8220; custom_padding=&#8220;30px|||&#8220; animation_style=&#8220;slide&#8220; animation_direction=&#8220;top&#8220; animation_delay=&#8220;300ms&#8220; animation_intensity_slide=&#8220;10%&#8220; hover_enabled=&#8220;0&#8243; global_colors_info=&#8220;{}&#8220; sticky_enabled=&#8220;0&#8243;]<\/p>\n<h2>LEGISLACI\u00d3N Y FUEROS APLICABLES<\/h2>\n<p>Para la resoluci\u00f3n de todas las posibles disputas o cuestiones relacionadas con el presente sitio web o de las actividades en \u00e9l desarrolladas, se aplicar\u00e1 la legislaci\u00f3n espa\u00f1ola, a la que se someten expresamente las partes, siendo competentes para la resoluci\u00f3n de todos los conflictos derivados o relacionados con su uso, los Juzgados y Tribunales de la ciudad de Valencia, salvo que el Usuario tenga la condici\u00f3n de consumidor, en cuyo caso las partes se someten a los juzgados y tribunales del domicilio del consumidor.<\/p>\n<p>[\/et_pb_text][\/et_pb_column][\/et_pb_row][\/et_pb_section]<\/p>\n","protected":false},"excerpt":{"rendered":"<p>INFORMACI\u00d3N SOBRE EL TITULAR DEL SITIO WEB En cumplimiento de lo previsto en el art\u00edculo 10 de la Ley 34\/2002 de 11 de julio, de Servicios de la Sociedad de La Informaci\u00f3n y Comercio Electr\u00f3nico (LSSICE), se informa al Usuario sobre los datos identificativos del titular del presente sitio web: La propiedad de este sitio [&hellip;]<\/p>\n","protected":false},"author":1,"featured_media":0,"parent":0,"menu_order":112,"comment_status":"closed","ping_status":"closed","template":"","meta":{"_et_pb_use_builder":"on","_et_pb_old_content":"","_et_gb_content_width":"","_monsterinsights_skip_tracking":false,"_monsterinsights_sitenote_active":false,"_monsterinsights_sitenote_note":"","_monsterinsights_sitenote_category":0,"footnotes":""},"class_list":["post-1451","page","type-page","status-publish","hentry"],"yoast_head":"<!-- This site is optimized with the Yoast SEO plugin v25.7 - https:\/\/yoast.com\/wordpress\/plugins\/seo\/ -->\n<title>Aviso Legal DE - Spain Moto Experiences<\/title>\n<meta name=\"robots\" content=\"index, follow, max-snippet:-1, max-image-preview:large, max-video-preview:-1\" \/>\n<link rel=\"canonical\" href=\"https:\/\/spainmotoexperiences.es\/de\/aviso-legal-de\/\" \/>\n<meta property=\"og:locale\" content=\"de_DE\" \/>\n<meta property=\"og:type\" content=\"article\" \/>\n<meta property=\"og:title\" content=\"Aviso Legal DE - Spain Moto Experiences\" \/>\n<meta property=\"og:description\" content=\"INFORMACI\u00d3N SOBRE EL TITULAR DEL SITIO WEB En cumplimiento de lo previsto en el art\u00edculo 10 de la Ley 34\/2002 de 11 de julio, de Servicios de la Sociedad de La Informaci\u00f3n y Comercio Electr\u00f3nico (LSSICE), se informa al Usuario sobre los datos identificativos del titular del presente sitio web: La propiedad de este sitio [&hellip;]\" \/>\n<meta property=\"og:url\" content=\"https:\/\/spainmotoexperiences.es\/de\/aviso-legal-de\/\" \/>\n<meta property=\"og:site_name\" content=\"Spain Moto Experiences\" \/>\n<meta property=\"article:modified_time\" content=\"2025-08-27T08:21:38+00:00\" \/>\n<meta name=\"twitter:card\" content=\"summary_large_image\" \/>\n<meta name=\"twitter:label1\" content=\"Gesch\u00e4tzte Lesezeit\" \/>\n\t<meta name=\"twitter:data1\" content=\"11\u00a0Minuten\" \/>\n<script type=\"application\/ld+json\" class=\"yoast-schema-graph\">{\"@context\":\"https:\/\/schema.org\",\"@graph\":[{\"@type\":\"WebPage\",\"@id\":\"https:\/\/spainmotoexperiences.es\/de\/aviso-legal-de\/\",\"url\":\"https:\/\/spainmotoexperiences.es\/de\/aviso-legal-de\/\",\"name\":\"Aviso Legal DE - Spain Moto Experiences\",\"isPartOf\":{\"@id\":\"https:\/\/spainmotoexperiences.es\/#website\"},\"datePublished\":\"2024-11-20T10:01:06+00:00\",\"dateModified\":\"2025-08-27T08:21:38+00:00\",\"breadcrumb\":{\"@id\":\"https:\/\/spainmotoexperiences.es\/de\/aviso-legal-de\/#breadcrumb\"},\"inLanguage\":\"de\",\"potentialAction\":[{\"@type\":\"ReadAction\",\"target\":[\"https:\/\/spainmotoexperiences.es\/de\/aviso-legal-de\/\"]}]},{\"@type\":\"BreadcrumbList\",\"@id\":\"https:\/\/spainmotoexperiences.es\/de\/aviso-legal-de\/#breadcrumb\",\"itemListElement\":[{\"@type\":\"ListItem\",\"position\":1,\"name\":\"Portada\",\"item\":\"https:\/\/spainmotoexperiences.es\/de\/\"},{\"@type\":\"ListItem\",\"position\":2,\"name\":\"Aviso Legal DE\"}]},{\"@type\":\"WebSite\",\"@id\":\"https:\/\/spainmotoexperiences.es\/#website\",\"url\":\"https:\/\/spainmotoexperiences.es\/\",\"name\":\"Spain Moto Experiences\",\"description\":\"Spain Moto Experiences | Viajes en Moto por Espa\u00f1a\",\"potentialAction\":[{\"@type\":\"SearchAction\",\"target\":{\"@type\":\"EntryPoint\",\"urlTemplate\":\"https:\/\/spainmotoexperiences.es\/?s={search_term_string}\"},\"query-input\":{\"@type\":\"PropertyValueSpecification\",\"valueRequired\":true,\"valueName\":\"search_term_string\"}}],\"inLanguage\":\"de\"}]}<\/script>\n<!-- \/ Yoast SEO plugin. -->","yoast_head_json":{"title":"Aviso Legal DE - Spain Moto Experiences","robots":{"index":"index","follow":"follow","max-snippet":"max-snippet:-1","max-image-preview":"max-image-preview:large","max-video-preview":"max-video-preview:-1"},"canonical":"https:\/\/spainmotoexperiences.es\/de\/aviso-legal-de\/","og_locale":"de_DE","og_type":"article","og_title":"Aviso Legal DE - Spain Moto Experiences","og_description":"INFORMACI\u00d3N SOBRE EL TITULAR DEL SITIO WEB En cumplimiento de lo previsto en el art\u00edculo 10 de la Ley 34\/2002 de 11 de julio, de Servicios de la Sociedad de La Informaci\u00f3n y Comercio Electr\u00f3nico (LSSICE), se informa al Usuario sobre los datos identificativos del titular del presente sitio web: La propiedad de este sitio [&hellip;]","og_url":"https:\/\/spainmotoexperiences.es\/de\/aviso-legal-de\/","og_site_name":"Spain Moto Experiences","article_modified_time":"2025-08-27T08:21:38+00:00","twitter_card":"summary_large_image","twitter_misc":{"Gesch\u00e4tzte Lesezeit":"11\u00a0Minuten"},"schema":{"@context":"https:\/\/schema.org","@graph":[{"@type":"WebPage","@id":"https:\/\/spainmotoexperiences.es\/de\/aviso-legal-de\/","url":"https:\/\/spainmotoexperiences.es\/de\/aviso-legal-de\/","name":"Aviso Legal DE - Spain Moto Experiences","isPartOf":{"@id":"https:\/\/spainmotoexperiences.es\/#website"},"datePublished":"2024-11-20T10:01:06+00:00","dateModified":"2025-08-27T08:21:38+00:00","breadcrumb":{"@id":"https:\/\/spainmotoexperiences.es\/de\/aviso-legal-de\/#breadcrumb"},"inLanguage":"de","potentialAction":[{"@type":"ReadAction","target":["https:\/\/spainmotoexperiences.es\/de\/aviso-legal-de\/"]}]},{"@type":"BreadcrumbList","@id":"https:\/\/spainmotoexperiences.es\/de\/aviso-legal-de\/#breadcrumb","itemListElement":[{"@type":"ListItem","position":1,"name":"Portada","item":"https:\/\/spainmotoexperiences.es\/de\/"},{"@type":"ListItem","position":2,"name":"Aviso Legal DE"}]},{"@type":"WebSite","@id":"https:\/\/spainmotoexperiences.es\/#website","url":"https:\/\/spainmotoexperiences.es\/","name":"Spain Moto Experiences","description":"Spain Moto Experiences | Viajes en Moto por Espa\u00f1a","potentialAction":[{"@type":"SearchAction","target":{"@type":"EntryPoint","urlTemplate":"https:\/\/spainmotoexperiences.es\/?s={search_term_string}"},"query-input":{"@type":"PropertyValueSpecification","valueRequired":true,"valueName":"search_term_string"}}],"inLanguage":"de"}]}},"_links":{"self":[{"href":"https:\/\/spainmotoexperiences.es\/de\/wp-json\/wp\/v2\/pages\/1451","targetHints":{"allow":["GET"]}}],"collection":[{"href":"https:\/\/spainmotoexperiences.es\/de\/wp-json\/wp\/v2\/pages"}],"about":[{"href":"https:\/\/spainmotoexperiences.es\/de\/wp-json\/wp\/v2\/types\/page"}],"author":[{"embeddable":true,"href":"https:\/\/spainmotoexperiences.es\/de\/wp-json\/wp\/v2\/users\/1"}],"replies":[{"embeddable":true,"href":"https:\/\/spainmotoexperiences.es\/de\/wp-json\/wp\/v2\/comments?post=1451"}],"version-history":[{"count":2,"href":"https:\/\/spainmotoexperiences.es\/de\/wp-json\/wp\/v2\/pages\/1451\/revisions"}],"predecessor-version":[{"id":1453,"href":"https:\/\/spainmotoexperiences.es\/de\/wp-json\/wp\/v2\/pages\/1451\/revisions\/1453"}],"wp:attachment":[{"href":"https:\/\/spainmotoexperiences.es\/de\/wp-json\/wp\/v2\/media?parent=1451"}],"curies":[{"name":"wp","href":"https:\/\/api.w.org\/{rel}","templated":true}]}}