{"id":1460,"date":"2024-11-20T11:50:29","date_gmt":"2024-11-20T10:50:29","guid":{"rendered":"https:\/\/spainmotoexperiences.es\/condiciones-generales-de\/"},"modified":"2025-08-27T10:29:56","modified_gmt":"2025-08-27T08:29:56","slug":"condiciones-generales-de","status":"publish","type":"page","link":"https:\/\/spainmotoexperiences.es\/de\/condiciones-generales-de\/","title":{"rendered":"Condiciones Generales DE"},"content":{"rendered":"<p>[et_pb_section fb_built=&#8220;1&#8243; fullwidth=&#8220;on&#8220; admin_label=&#8220;Hero&#8220; _builder_version=&#8220;4.16&#8243; background_color=&#8220;#020305&#8243; parallax=&#8220;on&#8220; custom_padding=&#8220;0px|0px|0px|0px&#8220; global_colors_info=&#8220;{}&#8220;][et_pb_fullwidth_header title=&#8220;Condiciones generales&#8220; text_orientation=&#8220;center&#8220; background_overlay_color=&#8220;rgba(0,0,0,0.5)&#8220; content_max_width=&#8220;700px&#8220; admin_label=&#8220;Hero Section&#8220; _builder_version=&#8220;4.16&#8243; title_font=&#8220;Oswald|on||on|&#8220; title_font_size=&#8220;80px&#8220; title_line_height=&#8220;1.3em&#8220; content_font=&#8220;Roboto|||on|||||&#8220; content_font_size=&#8220;20px&#8220; background_color=&#8220;rgba(255,255,255,0)&#8220; background_image=&#8220;https:\/\/spainmotoexperiences.es\/wp-content\/uploads\/2024\/11\/legales_header.jpg&#8220; parallax=&#8220;on&#8220; parallax_method=&#8220;on&#8220; custom_button_one=&#8220;on&#8220; button_one_border_radius=&#8220;0px&#8220; button_one_letter_spacing=&#8220;4px&#8220; button_one_font=&#8220;Oswald|on||on|&#8220; button_one_icon=&#8220;&#x24;||divi||400&#8243; button_one_icon_color=&#8220;#ffffff&#8220; custom_margin=&#8220;|||&#8220; custom_padding=&#8220;150px||150px|&#8220; custom_padding_tablet=&#8220;60px||60px|&#8220; custom_padding_phone=&#8220;&#8220; custom_padding_last_edited=&#8220;on|tablet&#8220; animation_style=&#8220;fade&#8220; animation_direction=&#8220;bottom&#8220; button_one_text_color_hover=&#8220;#ffffff&#8220; button_one_border_color_hover=&#8220;#ffffff&#8220; button_one_border_radius_hover=&#8220;0px&#8220; button_one_letter_spacing_hover=&#8220;4px&#8220; button_one_bg_color_hover=&#8220;rgba(0,0,0,0)&#8220; global_colors_info=&#8220;{}&#8220; button_one_text_size__hover_enabled=&#8220;off&#8220; button_two_text_size__hover_enabled=&#8220;off&#8220; button_one_text_color__hover_enabled=&#8220;on&#8220; button_one_text_color__hover=&#8220;#ffffff&#8220; button_two_text_color__hover_enabled=&#8220;off&#8220; button_one_border_width__hover_enabled=&#8220;off&#8220; button_two_border_width__hover_enabled=&#8220;off&#8220; button_one_border_color__hover_enabled=&#8220;on&#8220; button_one_border_color__hover=&#8220;#ffffff&#8220; button_two_border_color__hover_enabled=&#8220;off&#8220; button_one_border_radius__hover_enabled=&#8220;on&#8220; button_one_border_radius__hover=&#8220;0px&#8220; button_two_border_radius__hover_enabled=&#8220;off&#8220; button_one_letter_spacing__hover_enabled=&#8220;on&#8220; button_one_letter_spacing__hover=&#8220;4px&#8220; button_two_letter_spacing__hover_enabled=&#8220;off&#8220; button_one_bg_color__hover_enabled=&#8220;on&#8220; button_one_bg_color__hover=&#8220;rgba(0,0,0,0)&#8220; button_two_bg_color__hover_enabled=&#8220;off&#8220;][\/et_pb_fullwidth_header][\/et_pb_section][et_pb_section fb_built=&#8220;1&#8243; _builder_version=&#8220;4.16&#8243; custom_padding=&#8220;110px||110px|&#8220; global_colors_info=&#8220;{}&#8220;][et_pb_row _builder_version=&#8220;4.16&#8243; global_colors_info=&#8220;{}&#8220;][et_pb_column type=&#8220;4_4&#8243; _builder_version=&#8220;4.16&#8243; custom_padding=&#8220;|||&#8220; global_colors_info=&#8220;{}&#8220; custom_padding__hover=&#8220;|||&#8220;][et_pb_text disabled_on=&#8220;on|on|off%22%22&#8243; _builder_version=&#8220;4.16&#8243; text_font=&#8220;Roboto||||&#8220; header_2_font=&#8220;Oswald||||||||&#8220; custom_padding=&#8220;30px|||&#8220; animation_style=&#8220;slide&#8220; animation_direction=&#8220;top&#8220; animation_delay=&#8220;300ms&#8220; animation_intensity_slide=&#8220;10%&#8220; global_colors_info=&#8220;{}&#8220;]<\/p>\n<h2>EMPRESA ORGANIZADORA<\/h2>\n<p>Los tours y experiencias son organizados por la agencia de viajes Spain Moto Experiences ( CV-m2050-V ) situada en la Calle Jovellanos n\u00ba3 de Valencia.<\/p>\n<p>Para realizar la reserva de alguna de nuestras Experiencias, el usuario debe leer atentamente los t\u00e9rminos y condiciones vinculantes para el contrato y aceptarlos.<\/p>\n<p>[\/et_pb_text][et_pb_text disabled_on=&#8220;on|on|off%22%22&#8243; _builder_version=&#8220;4.16&#8243; text_font=&#8220;Roboto||||&#8220; header_2_font=&#8220;Oswald||||||||&#8220; custom_padding=&#8220;30px|||&#8220; animation_style=&#8220;slide&#8220; animation_direction=&#8220;top&#8220; animation_delay=&#8220;300ms&#8220; animation_intensity_slide=&#8220;10%&#8220; global_colors_info=&#8220;{}&#8220;]<\/p>\n<h2>RESERVAS<\/h2>\n<p>Para reservar cualquiera de nuestras Experiencias el usuario debe realizar un deposito de 1000\u20ac por persona. Las plazas son limitadas, por lo que la aceptaci\u00f3n de la plaza se realizar\u00e1 por orden de llegada de las reservas. <\/p>\n<p>El total restante del importe de la Experiencia se abonar\u00e1 45 dias antes del inicio de la Experiencia.<\/p>\n<p>[\/et_pb_text][et_pb_text disabled_on=&#8220;on|on|off%22%22&#8243; _builder_version=&#8220;4.16&#8243; text_font=&#8220;Roboto||||&#8220; header_2_font=&#8220;Oswald||||||||&#8220; custom_padding=&#8220;30px|||&#8220; animation_style=&#8220;slide&#8220; animation_direction=&#8220;top&#8220; animation_delay=&#8220;300ms&#8220; animation_intensity_slide=&#8220;10%&#8220; global_colors_info=&#8220;{}&#8220;]<\/p>\n<h2>QUE INCLUYEN NUESTROS PRECIOS<\/h2>\n<p>En la descripci\u00f3n y condiciones de cada una de nuestras Experiencias se detalla todo lo que est\u00e1 incluido en el precio. Lo que no aparezca en esa explicaci\u00f3n detallada no est\u00e1 incluido en el precio. <\/p>\n<p>[\/et_pb_text][et_pb_text disabled_on=&#8220;on|on|off%22%22&#8243; _builder_version=&#8220;4.16&#8243; text_font=&#8220;Roboto||||&#8220; header_2_font=&#8220;Oswald||||||||&#8220; custom_padding=&#8220;30px|||&#8220; animation_style=&#8220;slide&#8220; animation_direction=&#8220;top&#8220; animation_delay=&#8220;300ms&#8220; animation_intensity_slide=&#8220;10%&#8220; global_colors_info=&#8220;{}&#8220;]<\/p>\n<h2>RESPONSABILIDAD DEL ARRENDATARIO EN POSIBLES DA\u00d1OS<\/h2>\n<p>Desde el momento de la entrega del veh\u00edculo el Arrendatario es el responsable de los da\u00f1os que se pudieran causar en la motocicleta e incluso del posible robo o hurto. El Arrendatario asumir\u00e1 la responsabilidad econ\u00f3mica de los da\u00f1os con el pago de la franquicia, que siempre ser\u00e1 de 1000\u20ac. <\/p>\n<p>[\/et_pb_text][et_pb_text disabled_on=&#8220;on|on|off%22%22&#8243; _builder_version=&#8220;4.16&#8243; text_font=&#8220;Roboto||||&#8220; header_2_font=&#8220;Oswald||||||||&#8220; custom_padding=&#8220;30px|||&#8220; animation_style=&#8220;slide&#8220; animation_direction=&#8220;top&#8220; animation_delay=&#8220;300ms&#8220; animation_intensity_slide=&#8220;10%&#8220; global_colors_info=&#8220;{}&#8220;]<\/p>\n<h2>CANCELACIONES Y DEVOLUCIONES<\/h2>\n<p>Las cancelaciones que sean recibidas 45 d\u00edas antes del comienzo de la Experiencia, tendr\u00e1n un coste de 250\u20ac por persona. De 44 a 21 d\u00edas antes de la Experiencia la cancelaci\u00f3n tendr\u00e1 un coste del 40% del valor total. Las cancelaciones recibidas 20 d\u00edas o menos antes de la fecha de salida tendr\u00e1n un coste del 100% del valor total.  <\/p>\n<p>[\/et_pb_text][et_pb_text disabled_on=&#8220;on|on|off%22%22&#8243; _builder_version=&#8220;4.16&#8243; text_font=&#8220;Roboto||||&#8220; header_2_font=&#8220;Oswald||||||||&#8220; custom_padding=&#8220;30px|||&#8220; animation_style=&#8220;slide&#8220; animation_direction=&#8220;top&#8220; animation_delay=&#8220;300ms&#8220; animation_intensity_slide=&#8220;10%&#8220; global_colors_info=&#8220;{}&#8220;]<\/p>\n<h2>DESOBEDIENCIA DE LAS LEYES DE TRAFICO Y\/O DE LAS CONDICIONES DE SPAIN MOTO EXPERIENCES<\/h2>\n<p>El contrato de la Experiencia y el alquiler del veh\u00edculo ser\u00e1 cancelado en caso de que el cliente no respete las leyes de tr\u00e1fico vigentes o los requerimientos del gu\u00eda para el viaje en grupo.<\/p>\n<p>[\/et_pb_text][et_pb_text disabled_on=&#8220;on|on|off%22%22&#8243; _builder_version=&#8220;4.16&#8243; text_font=&#8220;Roboto||||&#8220; header_2_font=&#8220;Oswald||||||||&#8220; custom_padding=&#8220;30px|||&#8220; animation_style=&#8220;slide&#8220; animation_direction=&#8220;top&#8220; animation_delay=&#8220;300ms&#8220; animation_intensity_slide=&#8220;10%&#8220; global_colors_info=&#8220;{}&#8220;]<\/p>\n<h2>CANCELACION Y NUMERO MINIMO DE PARTICIPANTES<\/h2>\n<p>La empresa se reserva la posibilidad de anular o cambiar la fecha de alguna de las Experiencias hasta con 5 d\u00edas de antelaci\u00f3n por problemas ajenos a nuestra voluntad, problemas en los veh\u00edculos o incluso inclemencias meteorol\u00f3gicas.<\/p>\n<p>Adem\u00e1s el n\u00famero de participantes m\u00ednimo para todas las Experiencias ser\u00e1 de al menos 4 motocicletas y sus conductores, que podr\u00e1n ir con o sin acompa\u00f1ante (previa contrataci\u00f3n de la opci\u00f3n de acompa\u00f1ante).<\/p>\n<p>[\/et_pb_text][et_pb_text disabled_on=&#8220;on|on|off%22%22&#8243; _builder_version=&#8220;4.16&#8243; text_font=&#8220;Roboto||||&#8220; header_2_font=&#8220;Oswald||||||||&#8220; custom_padding=&#8220;30px|||&#8220; animation_style=&#8220;slide&#8220; animation_direction=&#8220;top&#8220; animation_delay=&#8220;300ms&#8220; animation_intensity_slide=&#8220;10%&#8220; global_colors_info=&#8220;{}&#8220;]<\/p>\n<h2>HABITACION INDIVIDUAL<\/h2>\n<p>Por cuestiones ajenas a Spain Moto Experiences no podemos asegurar al 100% la disponibilidad de habitaciones individuales para todos los participantes de nuestras Experiencias que deseen contratar esta opci\u00f3n.<\/p>\n<p>[\/et_pb_text][et_pb_text disabled_on=&#8220;on|on|off%22%22&#8243; _builder_version=&#8220;4.16&#8243; text_font=&#8220;Roboto||||&#8220; header_2_font=&#8220;Oswald||||||||&#8220; custom_padding=&#8220;30px|||&#8220; animation_style=&#8220;slide&#8220; animation_direction=&#8220;top&#8220; animation_delay=&#8220;300ms&#8220; animation_intensity_slide=&#8220;10%&#8220; global_colors_info=&#8220;{}&#8220;]<\/p>\n<h2>MULTAS DE TR\u00c1FICO<\/h2>\n<p>La responsabilidad civil y financiera de todas las infracciones de car\u00e1cter administrativo o penal y\/o de tr\u00e1fico que sean impuestas la durante el per\u00edodo de alquiler corre a cargo del cliente. Spain Moto Experiences cobrar\u00e1 por las gestiones 50\u20ac por cada multa , identificando al conductor en la Direcci\u00f3n General de Tr\u00e1fico. <\/p>\n<p>[\/et_pb_text][et_pb_text disabled_on=&#8220;on|on|off%22%22&#8243; _builder_version=&#8220;4.16&#8243; text_font=&#8220;Roboto||||&#8220; header_2_font=&#8220;Oswald||||||||&#8220; custom_padding=&#8220;30px|||&#8220; animation_style=&#8220;slide&#8220; animation_direction=&#8220;top&#8220; animation_delay=&#8220;300ms&#8220; animation_intensity_slide=&#8220;10%&#8220; global_colors_info=&#8220;{}&#8220;]<\/p>\n<h2>RESOLUCI\u00d3N<\/h2>\n<p>La Empresa Organizadora podr\u00e1 resolver el contrato sin mediar previo aviso ante una causa justificada. Se entender\u00e1 causa justificada cuando concurran de forma enunciativa pero no limitativa, alguna de las siguientes circunstancias: que los datos personales sean falsos o la informaci\u00f3n de los datos para el pago sea incorrecta, por serias infracciones de los acuerdos estipulados en el contrato de la experiencia o por uso inadecuado de la motocicleta cedida al participante. En el caso de resoluci\u00f3n del contrato, la devoluci\u00f3n del veh\u00edculo ser\u00e1 inmediata, incluso si el per\u00edodo de la experiencia contratada no ha finalizado a\u00fan.  <\/p>\n<p>Adem\u00e1s, cualquier gasto incurrido por el Cliente por negligencia, culpa o mala fe deber\u00e1 ser abonado por el mismo. Los derechos del Organizador para reclamar da\u00f1os (incluso compensaciones) no se ven afectados por \u00e9sta posible resoluci\u00f3n del contrato. <\/p>\n<p>[\/et_pb_text][et_pb_text disabled_on=&#8220;on|on|off%22%22&#8243; _builder_version=&#8220;4.16&#8243; text_font=&#8220;Roboto||||&#8220; header_2_font=&#8220;Oswald||||||||&#8220; custom_padding=&#8220;30px|||&#8220; animation_style=&#8220;slide&#8220; animation_direction=&#8220;top&#8220; animation_delay=&#8220;300ms&#8220; animation_intensity_slide=&#8220;10%&#8220; global_colors_info=&#8220;{}&#8220;]<\/p>\n<h2>RESPONSABILIDAD<\/h2>\n<p>Spain Moto Experiences es responsable de prestar los servicios de acuerdo con la informaci\u00f3n que aparece en su p\u00e1gina web respecto a cada Experiencia. Spain Moto Experiences selecciona minuciosamente hoteles y restaurantes. Spain Moto Experiences es responsable de la organizaci\u00f3n y preparaci\u00f3n del viaje. Spain Moto Experiences no se responsabiliza de ning\u00fan tipo de accidente. Spain Moto Experiences se reserva el derecho, sin previo aviso, de anular cualquier parte de la Experiencia o la misma al completo, de hacer cuantos cambios como considere necesarios, y los costes extras, si existiesen, ser\u00e1n abonados por los participantes de la Experiencia.    <\/p>\n<p>Adem\u00e1s, se entiende que la empresa organizadora de esta Experiencia, no es responsable de la seguridad de sus clientes, y que por lo tanto, ellos, no pueden ser responsables de ning\u00fan incidente surgido durante la Experiencia , el cual termine en lesi\u00f3n, muerte o cualquier otro da\u00f1o al cliente, sus propiedades, su familia, sus descendientes o sus herederos.<\/p>\n<p>Spain Moto Experiences no es responsable de art\u00edculos perdidos o robados en nuestros lugares de pernoctaci\u00f3n o veh\u00edculos de apoyo. La responsabilidad de Spain Moto Experiences como empresa organizadora se limita a un total de 3 veces el coste de la Experiencia, independientemente de la demanda o reclamaci\u00f3n. Spain Moto Experiences no ser\u00e1 responsable de cambios en el programa ni de los posibles retrasos.  <\/p>\n<p>[\/et_pb_text][et_pb_text disabled_on=&#8220;on|on|off%22%22&#8243; _builder_version=&#8220;4.16&#8243; text_font=&#8220;Roboto||||&#8220; header_2_font=&#8220;Oswald||||||||&#8220; custom_padding=&#8220;30px|||&#8220; animation_style=&#8220;slide&#8220; animation_direction=&#8220;top&#8220; animation_delay=&#8220;300ms&#8220; animation_intensity_slide=&#8220;10%&#8220; global_colors_info=&#8220;{}&#8220;]<\/p>\n<h2>CAMBIOS EN EL PROGRAMA DE LAS EXPERIENCIAS<\/h2>\n<p>Las Experiencias tienen un itinerario y una fecha fijas, pero Spain Moto Experiences podr\u00e1 cambiar el itinerario e incluso hoteles y restaurantes por inclemencias del tiempo o por el mal estado de alguna de las carreteras a transitar.<\/p>\n<p>[\/et_pb_text][et_pb_text disabled_on=&#8220;on|on|off%22%22&#8243; _builder_version=&#8220;4.16&#8243; text_font=&#8220;Roboto||||&#8220; header_2_font=&#8220;Oswald||||||||&#8220; custom_padding=&#8220;30px|||&#8220; animation_style=&#8220;slide&#8220; animation_direction=&#8220;top&#8220; animation_delay=&#8220;300ms&#8220; animation_intensity_slide=&#8220;10%&#8220; global_colors_info=&#8220;{}&#8220;]<\/p>\n<h2>MATERIAL AUDIOVISUAL<\/h2>\n<p>Todo el material audiovisual producido durante las Experiencias son propiedad de Spain Moto Experiences y la misma se reserva el derecho de poder usar dicho material para fines publicitarios y de marketing sin necesidad de solicitar permiso alguno a los clientes.<\/p>\n<p>[\/et_pb_text][et_pb_text disabled_on=&#8220;on|on|off%22%22&#8243; _builder_version=&#8220;4.16&#8243; text_font=&#8220;Roboto||||&#8220; header_2_font=&#8220;Oswald||||||||&#8220; custom_padding=&#8220;30px|||&#8220; animation_style=&#8220;slide&#8220; animation_direction=&#8220;top&#8220; animation_delay=&#8220;300ms&#8220; animation_intensity_slide=&#8220;10%&#8220; global_colors_info=&#8220;{}&#8220;]<\/p>\n<h2>CAMBIOS VERBALES Y ERRORES DE IMPRESI\u00d3N<\/h2>\n<p>Spain Moto Experiences no se hace responsable de los posibles errores de impresi\u00f3n y adem\u00e1s, los cambios verbales no son v\u00e1lidos en ning\u00fan caso. Cualquier cambio tendr\u00e1 que ser por escrito y firmado por ambas partes, la Empresa organizadora y el cliente. <\/p>\n<p>[\/et_pb_text][et_pb_text disabled_on=&#8220;on|on|off%22%22&#8243; _builder_version=&#8220;4.16&#8243; text_font=&#8220;Roboto||||&#8220; header_2_font=&#8220;Oswald||||||||&#8220; custom_padding=&#8220;30px|||&#8220; animation_style=&#8220;slide&#8220; animation_direction=&#8220;top&#8220; animation_delay=&#8220;300ms&#8220; animation_intensity_slide=&#8220;10%&#8220; global_colors_info=&#8220;{}&#8220;]<\/p>\n<h2>COBERTURAS DEL SEGURO<\/h2>\n<p>El Cliente de la experiencia ser\u00e1 responsable de los da\u00f1os ocasionados al veh\u00edculo hasta 1000\u20ac (en caso de accidente los primeros 1000\u20ac de la reparaci\u00f3n los paga el cliente mediante un deposito de da\u00f1os del veh\u00edculo); cobertura a terceros involucrados (veh\u00edculos, ocupantes y conductores) de hasta 50.000.000\u20ac por siniestro; asistencia sanitaria del conductor limitada a 900\u20ac y a un plazo m\u00e1ximo de 12 meses; 3000\u20ac de indemnizaci\u00f3n como m\u00e1ximo por fallecimiento, 9000\u20ac como m\u00e1ximo por invalidez f\u00edsica permanente del conductor; el \u00fanico ocupante del veh\u00edculo asegurado es el conductor ; 3000\u20ac como m\u00e1ximo para asistencia sanitaria.<\/p>\n<p>El seguro no cubrir\u00e1 los da\u00f1os del veh\u00edculo en el caso de abandono del escenario de un accidente, por negligencia o da\u00f1o intencionado.<\/p>\n<p>Podr\u00e1 dejar de tener validez el seguro en casos como: conductor bajo los efectos del alcohol, drogas, estupefacientes o psicotr\u00f3picos; conducci\u00f3n en lugares no autorizados (pistas, caminos forestales, circuitos\u2026).<\/p>\n<p>[\/et_pb_text][et_pb_text disabled_on=&#8220;on|on|off%22%22&#8243; _builder_version=&#8220;4.16&#8243; text_font=&#8220;Roboto||||&#8220; header_2_font=&#8220;Oswald||||||||&#8220; custom_padding=&#8220;30px|||&#8220; animation_style=&#8220;slide&#8220; animation_direction=&#8220;top&#8220; animation_delay=&#8220;300ms&#8220; animation_intensity_slide=&#8220;10%&#8220; global_colors_info=&#8220;{}&#8220;]<\/p>\n<h2>CARGOS EXTRAS<\/h2>\n<p>Las sanciones de tr\u00e1fico correr\u00e1n a cargo del Cliente y la Empresa Organizadora cobrar\u00e1 un cargo de gesti\u00f3n de 50\u20ac por cada una de las que pudiera recibir.<\/p>\n<p>[\/et_pb_text][et_pb_text disabled_on=&#8220;on|on|off%22%22&#8243; _builder_version=&#8220;4.16&#8243; text_font=&#8220;Roboto||||&#8220; header_2_font=&#8220;Oswald||||||||&#8220; custom_padding=&#8220;30px|||&#8220; animation_style=&#8220;slide&#8220; animation_direction=&#8220;top&#8220; animation_delay=&#8220;300ms&#8220; animation_intensity_slide=&#8220;10%&#8220; global_colors_info=&#8220;{}&#8220;]<\/p>\n<h2>OBLIGACIONES Y PROHIBICIONES<\/h2>\n<ul>\n<li>Prohibido usar el veh\u00edculo fuera de carreteras legales (prohibido el uso off-road y en circuito).<\/li>\n<li>Prohibido dejar el veh\u00edculo a otra persona diferente a la que contrat\u00f3 la experiencia.<\/li>\n<li>Prohibido salir de la pen\u00ednsula ib\u00e9rica sin expreso consentimiento del Arrendador.<\/li>\n<li>Prohibido vender o empe\u00f1ar el veh\u00edculo total o parcialmente.<\/li>\n<li>En caso de accidente el arrendatario deber\u00e1 llamar a la polic\u00eda para que realice un parte del siniestro.<\/li>\n<\/ul>\n<p>[\/et_pb_text][\/et_pb_column][\/et_pb_row][\/et_pb_section]<\/p>\n","protected":false},"excerpt":{"rendered":"<p>EMPRESA ORGANIZADORA Los tours y experiencias son organizados por la agencia de viajes Spain Moto Experiences ( CV-m2050-V ) situada en la Calle Jovellanos n\u00ba3 de Valencia. Para realizar la reserva de alguna de nuestras Experiencias, el usuario debe leer atentamente los t\u00e9rminos y condiciones vinculantes para el contrato y aceptarlos.RESERVAS Para reservar cualquiera de [&hellip;]<\/p>\n","protected":false},"author":1,"featured_media":0,"parent":0,"menu_order":113,"comment_status":"closed","ping_status":"closed","template":"","meta":{"_et_pb_use_builder":"on","_et_pb_old_content":"","_et_gb_content_width":"","_monsterinsights_skip_tracking":false,"_monsterinsights_sitenote_active":false,"_monsterinsights_sitenote_note":"","_monsterinsights_sitenote_category":0,"footnotes":""},"class_list":["post-1460","page","type-page","status-publish","hentry"],"yoast_head":"<!-- This site is optimized with the Yoast SEO plugin v25.7 - https:\/\/yoast.com\/wordpress\/plugins\/seo\/ -->\n<title>Condiciones Generales DE - Spain Moto Experiences<\/title>\n<meta name=\"robots\" content=\"index, follow, max-snippet:-1, max-image-preview:large, max-video-preview:-1\" \/>\n<link rel=\"canonical\" href=\"https:\/\/spainmotoexperiences.es\/de\/condiciones-generales-de\/\" \/>\n<meta property=\"og:locale\" content=\"de_DE\" \/>\n<meta property=\"og:type\" content=\"article\" \/>\n<meta property=\"og:title\" content=\"Condiciones Generales DE - Spain Moto Experiences\" \/>\n<meta property=\"og:description\" content=\"EMPRESA ORGANIZADORA Los tours y experiencias son organizados por la agencia de viajes Spain Moto Experiences ( CV-m2050-V ) situada en la Calle Jovellanos n\u00ba3 de Valencia. Para realizar la reserva de alguna de nuestras Experiencias, el usuario debe leer atentamente los t\u00e9rminos y condiciones vinculantes para el contrato y aceptarlos.RESERVAS Para reservar cualquiera de [&hellip;]\" \/>\n<meta property=\"og:url\" content=\"https:\/\/spainmotoexperiences.es\/de\/condiciones-generales-de\/\" \/>\n<meta property=\"og:site_name\" content=\"Spain Moto Experiences\" \/>\n<meta property=\"article:modified_time\" content=\"2025-08-27T08:29:56+00:00\" \/>\n<meta name=\"twitter:card\" content=\"summary_large_image\" \/>\n<meta name=\"twitter:label1\" content=\"Gesch\u00e4tzte Lesezeit\" \/>\n\t<meta name=\"twitter:data1\" content=\"11\u00a0Minuten\" \/>\n<script type=\"application\/ld+json\" class=\"yoast-schema-graph\">{\"@context\":\"https:\/\/schema.org\",\"@graph\":[{\"@type\":\"WebPage\",\"@id\":\"https:\/\/spainmotoexperiences.es\/de\/condiciones-generales-de\/\",\"url\":\"https:\/\/spainmotoexperiences.es\/de\/condiciones-generales-de\/\",\"name\":\"Condiciones Generales DE - Spain Moto Experiences\",\"isPartOf\":{\"@id\":\"https:\/\/spainmotoexperiences.es\/#website\"},\"datePublished\":\"2024-11-20T10:50:29+00:00\",\"dateModified\":\"2025-08-27T08:29:56+00:00\",\"breadcrumb\":{\"@id\":\"https:\/\/spainmotoexperiences.es\/de\/condiciones-generales-de\/#breadcrumb\"},\"inLanguage\":\"de\",\"potentialAction\":[{\"@type\":\"ReadAction\",\"target\":[\"https:\/\/spainmotoexperiences.es\/de\/condiciones-generales-de\/\"]}]},{\"@type\":\"BreadcrumbList\",\"@id\":\"https:\/\/spainmotoexperiences.es\/de\/condiciones-generales-de\/#breadcrumb\",\"itemListElement\":[{\"@type\":\"ListItem\",\"position\":1,\"name\":\"Portada\",\"item\":\"https:\/\/spainmotoexperiences.es\/de\/\"},{\"@type\":\"ListItem\",\"position\":2,\"name\":\"Condiciones Generales DE\"}]},{\"@type\":\"WebSite\",\"@id\":\"https:\/\/spainmotoexperiences.es\/#website\",\"url\":\"https:\/\/spainmotoexperiences.es\/\",\"name\":\"Spain Moto Experiences\",\"description\":\"Spain Moto Experiences | Viajes en Moto por Espa\u00f1a\",\"potentialAction\":[{\"@type\":\"SearchAction\",\"target\":{\"@type\":\"EntryPoint\",\"urlTemplate\":\"https:\/\/spainmotoexperiences.es\/?s={search_term_string}\"},\"query-input\":{\"@type\":\"PropertyValueSpecification\",\"valueRequired\":true,\"valueName\":\"search_term_string\"}}],\"inLanguage\":\"de\"}]}<\/script>\n<!-- \/ Yoast SEO plugin. -->","yoast_head_json":{"title":"Condiciones Generales DE - Spain Moto Experiences","robots":{"index":"index","follow":"follow","max-snippet":"max-snippet:-1","max-image-preview":"max-image-preview:large","max-video-preview":"max-video-preview:-1"},"canonical":"https:\/\/spainmotoexperiences.es\/de\/condiciones-generales-de\/","og_locale":"de_DE","og_type":"article","og_title":"Condiciones Generales DE - Spain Moto Experiences","og_description":"EMPRESA ORGANIZADORA Los tours y experiencias son organizados por la agencia de viajes Spain Moto Experiences ( CV-m2050-V ) situada en la Calle Jovellanos n\u00ba3 de Valencia. Para realizar la reserva de alguna de nuestras Experiencias, el usuario debe leer atentamente los t\u00e9rminos y condiciones vinculantes para el contrato y aceptarlos.RESERVAS Para reservar cualquiera de [&hellip;]","og_url":"https:\/\/spainmotoexperiences.es\/de\/condiciones-generales-de\/","og_site_name":"Spain Moto Experiences","article_modified_time":"2025-08-27T08:29:56+00:00","twitter_card":"summary_large_image","twitter_misc":{"Gesch\u00e4tzte Lesezeit":"11\u00a0Minuten"},"schema":{"@context":"https:\/\/schema.org","@graph":[{"@type":"WebPage","@id":"https:\/\/spainmotoexperiences.es\/de\/condiciones-generales-de\/","url":"https:\/\/spainmotoexperiences.es\/de\/condiciones-generales-de\/","name":"Condiciones Generales DE - Spain Moto Experiences","isPartOf":{"@id":"https:\/\/spainmotoexperiences.es\/#website"},"datePublished":"2024-11-20T10:50:29+00:00","dateModified":"2025-08-27T08:29:56+00:00","breadcrumb":{"@id":"https:\/\/spainmotoexperiences.es\/de\/condiciones-generales-de\/#breadcrumb"},"inLanguage":"de","potentialAction":[{"@type":"ReadAction","target":["https:\/\/spainmotoexperiences.es\/de\/condiciones-generales-de\/"]}]},{"@type":"BreadcrumbList","@id":"https:\/\/spainmotoexperiences.es\/de\/condiciones-generales-de\/#breadcrumb","itemListElement":[{"@type":"ListItem","position":1,"name":"Portada","item":"https:\/\/spainmotoexperiences.es\/de\/"},{"@type":"ListItem","position":2,"name":"Condiciones Generales DE"}]},{"@type":"WebSite","@id":"https:\/\/spainmotoexperiences.es\/#website","url":"https:\/\/spainmotoexperiences.es\/","name":"Spain Moto Experiences","description":"Spain Moto Experiences | Viajes en Moto por Espa\u00f1a","potentialAction":[{"@type":"SearchAction","target":{"@type":"EntryPoint","urlTemplate":"https:\/\/spainmotoexperiences.es\/?s={search_term_string}"},"query-input":{"@type":"PropertyValueSpecification","valueRequired":true,"valueName":"search_term_string"}}],"inLanguage":"de"}]}},"_links":{"self":[{"href":"https:\/\/spainmotoexperiences.es\/de\/wp-json\/wp\/v2\/pages\/1460","targetHints":{"allow":["GET"]}}],"collection":[{"href":"https:\/\/spainmotoexperiences.es\/de\/wp-json\/wp\/v2\/pages"}],"about":[{"href":"https:\/\/spainmotoexperiences.es\/de\/wp-json\/wp\/v2\/types\/page"}],"author":[{"embeddable":true,"href":"https:\/\/spainmotoexperiences.es\/de\/wp-json\/wp\/v2\/users\/1"}],"replies":[{"embeddable":true,"href":"https:\/\/spainmotoexperiences.es\/de\/wp-json\/wp\/v2\/comments?post=1460"}],"version-history":[{"count":2,"href":"https:\/\/spainmotoexperiences.es\/de\/wp-json\/wp\/v2\/pages\/1460\/revisions"}],"predecessor-version":[{"id":1462,"href":"https:\/\/spainmotoexperiences.es\/de\/wp-json\/wp\/v2\/pages\/1460\/revisions\/1462"}],"wp:attachment":[{"href":"https:\/\/spainmotoexperiences.es\/de\/wp-json\/wp\/v2\/media?parent=1460"}],"curies":[{"name":"wp","href":"https:\/\/api.w.org\/{rel}","templated":true}]}}